{"id":1818,"date":"2016-06-13T17:39:45","date_gmt":"2016-06-13T17:39:45","guid":{"rendered":"http:\/\/mesqueunviatge.cat\/es\/?page_id=1818"},"modified":"2026-01-15T20:11:18","modified_gmt":"2026-01-15T20:11:18","slug":"viajes","status":"publish","type":"page","link":"https:\/\/mesqueunviatge.cat\/es\/viajes\/","title":{"rendered":"\u00bfQUI\u00c9NES SOMOS?"},"content":{"rendered":"\n<p class=\"\"><strong>Disfrutamos cada viaje. Vivimos cada momento.<\/strong><br><\/p>\n\n\n\n<p class=\"\">Si te preguntas qui\u00e9nes somos, te diremos que somos un grupo de personas que ha hecho <strong>de su gran pasi\u00f3n su manera de vivir.<\/strong> Queremos transmitir a nuestros clientes nuestra manera <\/p>\n\n\n\n<p class=\"\">Somos una&nbsp;<strong>agencia de viajes especializada en viajes a medida<\/strong>, formada por personas que han convertido su pasi\u00f3n por viajar en su forma de vida. Dise\u00f1amos&nbsp;<strong>viajes pensados para comprender, no para acumular<\/strong>, porque creemos que&nbsp;<strong>un gran viaje al a\u00f1o merece ser bien planificado<\/strong>.<\/p>\n\n\n\n<p class=\"\">Trabajamos para personas y familias que&nbsp;<strong>valoran el tiempo<\/strong>&nbsp;y que no quieren perderlo organizando, comparando o improvisando.&nbsp;<strong>Nos encargamos de todo para que no tengas que preocuparte<\/strong>, haciendo que el viaje se pueda disfrutar mucho antes de salir de casa.<\/p>\n\n\n\n<p class=\"\">Nos gusta viajar con profundidad: conocer la realidad de los pa\u00edses, relacionarnos con la gente local, entender su forma de vivir, probar la gastronom\u00eda aut\u00e9ntica y descubrir rincones que no aparecen en las rutas convencionales. Buscamos&nbsp;<strong>experiencias culturales reales<\/strong>, de aquellas que siguen emocionando incluso despu\u00e9s de regresar a casa.<\/p>\n\n\n\n<p class=\"\">Por eso&nbsp;<strong>huimos de las masas y de los viajes impersonales<\/strong>. Nuestra forma de trabajar se basa en eliminar intermediarios y colaborar directamente con&nbsp;<strong>corresponsales locales<\/strong>, quienes conocen mejor cada destino. As\u00ed podemos crear&nbsp;<strong>itinerarios \u00fanicos<\/strong>, bien equilibrados, y al mismo tiempo contribuir a que el gasto del viaje revierta en las comunidades locales y en la conservaci\u00f3n de su entorno.<\/p>\n\n\n\n<p class=\"\">Una parte esencial de nuestro trabajo es el dise\u00f1o de&nbsp;<strong>viajes en familia a medida<\/strong>. Tenemos <strong>experiencia real organizando viajes familiares<\/strong>&nbsp;y sabemos que&nbsp;<strong>un gran viaje en familia no deber\u00eda ser una fuente de estr\u00e9s<\/strong>. Por eso dise\u00f1amos&nbsp;<strong>viajes personalizados para familias con poco tiempo<\/strong>, con rutas realistas, alojamientos adecuados y una planificaci\u00f3n pensada para que&nbsp;<strong>toda la familia los disfrute, sin agotarse<\/strong>.<\/p>\n\n\n\n<p class=\"\">Viajar con ni\u00f1os puede ser f\u00e1cil, si alguien ya ha pensado por vosotros. Trabajamos con&nbsp;<strong>ritmos realistas, tiempo para descansar y recuerdos que perduran<\/strong>, porque creemos que el equilibrio es la clave de un buen viaje familiar.<\/p>\n\n\n\n<p class=\"\">Cada viaje que preparamos lo dise\u00f1amos con el mismo cuidado como si fuera para nosotros. Escuchamos vuestros intereses, necesidades y expectativas, y organizamos cada detalle con precisi\u00f3n. Porque para nosotros,&nbsp;<strong>organizar el viaje para que vosotros solo os preocup\u00e9is de vivirlo<\/strong>&nbsp;no es un eslogan: es nuestra manera de entender este trabajo.<\/p>\n\n\n\n<p class=\"\">Creemos que la vida no se mide en minutos, sino en momentos vividos. Y por eso, para nosotros,&nbsp;<strong>cada viaje es mucho m\u00e1s que un viaje<\/strong>.<\/p>\n\n\n<div class=\"wp-block-image\">\n<figure class=\"alignleft size-full\"><img data-recalc-dims=\"1\" loading=\"lazy\" decoding=\"async\" width=\"150\" height=\"150\" loading=\"lazy\" src=\"https:\/\/i0.wp.com\/mesqueunviatge.cat\/wp-content\/uploads\/2019\/03\/el-nostre-equip.jpg?resize=150%2C150&#038;ssl=1\" alt=\"quienes somos, qui som\" class=\"wp-image-10972\" srcset=\"https:\/\/i0.wp.com\/mesqueunviatge.cat\/wp-content\/uploads\/2019\/03\/el-nostre-equip.jpg?w=150&amp;ssl=1 150w, https:\/\/i0.wp.com\/mesqueunviatge.cat\/wp-content\/uploads\/2019\/03\/el-nostre-equip.jpg?resize=100%2C100&amp;ssl=1 100w\" sizes=\"auto, (max-width: 150px) 100vw, 150px\" \/><\/figure>\n<\/div>\n\n\n<p class=\"\"><\/p>\n\n\n\n<p class=\"\">&nbsp;<\/p>\n\n\n\n<p class=\"\">&nbsp;<\/p>\n\n\n\n<p class=\"\">&nbsp;<\/p>\n\n\n\n<p class=\"\">Oscar Datsira<\/p>\n\n\n\n<p class=\"\">Director y Product Manager<\/p>\n\n\n\n<p class=\"\">&nbsp;<\/p>\n\n\n\n<p class=\"\"><\/p>\n","protected":false},"excerpt":{"rendered":"<p>Disfrutamos cada viaje. Vivimos cada momento. Si te preguntas qui\u00e9nes somos, te diremos que somos un grupo de personas que ha hecho de su gran pasi\u00f3n su manera de vivir. Queremos transmitir a nuestros clientes [&hellip;]<\/p>\n","protected":false},"author":1,"featured_media":0,"parent":0,"menu_order":0,"comment_status":"closed","ping_status":"closed","template":"","meta":{"_acf_changed":false,"nf_dc_page":"","content-type":"","inline_featured_image":false,"_FSMCFIC_featured_image_caption":"","_FSMCFIC_featured_image_nocaption":"","_FSMCFIC_featured_image_hide":"","footnotes":""},"class_list":["post-1818","page","type-page","status-publish","hentry"],"acf":[],"jetpack_sharing_enabled":true,"_links":{"self":[{"href":"https:\/\/mesqueunviatge.cat\/es\/wp-json\/wp\/v2\/pages\/1818","targetHints":{"allow":["GET"]}}],"collection":[{"href":"https:\/\/mesqueunviatge.cat\/es\/wp-json\/wp\/v2\/pages"}],"about":[{"href":"https:\/\/mesqueunviatge.cat\/es\/wp-json\/wp\/v2\/types\/page"}],"author":[{"embeddable":true,"href":"https:\/\/mesqueunviatge.cat\/es\/wp-json\/wp\/v2\/users\/1"}],"replies":[{"embeddable":true,"href":"https:\/\/mesqueunviatge.cat\/es\/wp-json\/wp\/v2\/comments?post=1818"}],"version-history":[{"count":6,"href":"https:\/\/mesqueunviatge.cat\/es\/wp-json\/wp\/v2\/pages\/1818\/revisions"}],"predecessor-version":[{"id":21610,"href":"https:\/\/mesqueunviatge.cat\/es\/wp-json\/wp\/v2\/pages\/1818\/revisions\/21610"}],"wp:attachment":[{"href":"https:\/\/mesqueunviatge.cat\/es\/wp-json\/wp\/v2\/media?parent=1818"}],"curies":[{"name":"wp","href":"https:\/\/api.w.org\/{rel}","templated":true}]}}