{"id":19184,"date":"2025-10-02T16:06:43","date_gmt":"2025-10-02T16:06:43","guid":{"rendered":"https:\/\/mesqueunviatge.cat\/?page_id=19184"},"modified":"2025-10-02T16:06:46","modified_gmt":"2025-10-02T16:06:46","slug":"politica-de-privadesa-2","status":"publish","type":"page","link":"https:\/\/mesqueunviatge.cat\/es\/politica-de-privadesa-2\/","title":{"rendered":"Pol\u00edtica de privadesa"},"content":{"rendered":"\n<h2 class=\"wp-block-heading\">Qui som<\/h2>\n\n\n\n<p class=\"\">La nostra adre\u00e7a web \u00e9s: https:\/\/mesqueunviatge.cat.<\/p>\n\n\n\n<h2 class=\"wp-block-heading\">Comentaris<\/h2>\n\n\n\n<p class=\"\">Quan els visitants deixen comentaris a la web, recollim les dades que es mostren al formulari de contacte, aix\u00ed com l\u2019adre\u00e7a IP del visitant i la cadena de l\u2019agent de l\u2019usuari del navegador per ajudar a la detecci\u00f3 de missatges brossa.<\/p>\n\n\n\n<p class=\"\">Una cadena anonimitzada creada a partir de l\u2019adre\u00e7a electr\u00f2nica (tamb\u00e9 anomenat un hash) pot proporcionar-se al servei Gravatar per veure si l\u2019esteu usant. La pol\u00edtica de privadesa del servei Gravatar est\u00e0 disponible aqu\u00ed: https:\/\/automattic.com\/privacy\/. Una vegada aprovat el comentari, la imatge del vostre perfil \u00e9s visible al p\u00fablic al context del comentari.<\/p>\n\n\n\n<h2 class=\"wp-block-heading\">M\u00e8dia<\/h2>\n\n\n\n<p class=\"\"><strong><\/strong>Si pugeu imatges al lloc web, heu d\u2019evitar pujar imatges que incloguin dades de geolocalitzaci\u00f3 (EXIF GPS) incrustades. Els visitants del lloc web poden baixar i extreure qualsevol informaci\u00f3 de les imatges de la web.<\/p>\n\n\n\n<h2 class=\"wp-block-heading\">Galetes<\/h2>\n\n\n\n<p class=\"\"><strong><\/strong>Si deixeu un comentari en el lloc web, podeu optar per desar el nom, l\u2019adre\u00e7a electr\u00f2nica i el lloc web en les galetes. Aix\u00f2 \u00e9s per la vostra comoditat perqu\u00e8 no h\u00e0giu d\u2019emplenar les dades de nou quan feu un altre comentari. Aquestes galetes duraran un any.<\/p>\n\n\n\n<p class=\"\">Si teniu un compte i inicieu sessi\u00f3 en aquest lloc web, es definir\u00e0 una galeta temporal per determinar si el navegador accepta galetes. Aquesta galeta no cont\u00e9 dades personals i es descartar\u00e0 quan tanqueu el navegador.<\/p>\n\n\n\n<p class=\"\">Quan inicieu sessi\u00f3, tamb\u00e9 es configuraran diverses galetes per desar la informaci\u00f3 d\u2019inici de sessi\u00f3 i les opcions de visualitzaci\u00f3 de la pantalla. Les galeres d\u2019inici de sessi\u00f3 duren dos dies, i les galetes de les opcions de pantalla duren un any. Si seleccioneu \u201cRecordeu-me\u201d, l\u2019inici de sessi\u00f3 persistir\u00e0 durant dues setmanes. Si finalitzeu la sessi\u00f3, les galetes d\u2019inici de sessi\u00f3 seran suprimides.<\/p>\n\n\n\n<p class=\"\">Si editeu o publiqueu un article, una galeta addicional es desar\u00e0 al navegador. Aquesta galeta no inclou dades personals i simplement indica l\u2019identificador de l\u2019entrada que acabeu d\u2019editar. Caduca despr\u00e9s d\u20191 dia.<\/p>\n\n\n\n<h2 class=\"wp-block-heading\">Contingut incrustat d\u2019altres llocs web<\/h2>\n\n\n\n<p class=\"\"><strong><\/strong>Els articles en aquest lloc web inclou contingut incrustat (p. ex., v\u00eddeos, imatges, articles, etc.). El contingut incrustat des d\u2019altres llocs web es comporta exactament de la mateixa manera com si el visitant estigu\u00e9s visitant l\u2019altre lloc web.<\/p>\n\n\n\n<p class=\"\">Aquests llocs web poden recollir dades sobre vosaltres, utilitzar galetes, incrustar seguiment addicional de terceres parts, i monitorar la interacci\u00f3 amb el contingut incrustat, incloent-hi la tra\u00e7a de la interacci\u00f3 amb el contingut incrustat si teniu un compte i heu iniciat sessi\u00f3 en aquest lloc web.<\/p>\n\n\n\n<h2 class=\"wp-block-heading\">Amb qui compartim les vostres dades<\/h2>\n\n\n\n<p class=\"\">Si sol\u00b7liciteu un reinici de contrasenya, l\u2019adre\u00e7a IP s\u2019inclour\u00e0 en el correu electr\u00f2nic de reinicialitzaci\u00f3.<\/p>\n\n\n\n<h2 class=\"wp-block-heading\">Quant de temps retenim les dades<\/h2>\n\n\n\n<p class=\"\">Si deixeu un comentari, el comentari i les seves dades meta es retenen indefinidament. Aix\u00f2 \u00e9s per poder recon\u00e8ixer i aprovar autom\u00e0ticament qualsevol comentari de seguiment en lloc de mantenir-los en la cua de moderaci\u00f3.<\/p>\n\n\n\n<h2 class=\"wp-block-heading\">Quins drets teniu sobre les vostres dades<\/h2>\n\n\n\n<p class=\"\">Si teniu un compte en aquest lloc web o hi heu deixat comentaris, podeu demanar que us enviem un fitxer d\u2019exportaci\u00f3 de les vostres dades personals, incloent-hi totes les dades que ens h\u00e0geu proporcionat. Tamb\u00e9 podeu demanar que esborrem qualsevol dada personal vostra que tinguem. Aix\u00f2 no inclou les dades que estiguem obligats a conservar amb prop\u00f2sits administratius, legals o de seguretat.<\/p>\n\n\n\n<h2 class=\"wp-block-heading\">On s\u2019envien les vostres dades<\/h2>\n\n\n\n<p class=\"\">Els comentaris dels visitants han de ser comprovats mitjan\u00e7ant un servei de detecci\u00f3 de brossa automatitzat.<\/p>\n","protected":false},"excerpt":{"rendered":"<p>Qui som La nostra adre\u00e7a web \u00e9s: https:\/\/mesqueunviatge.cat. Comentaris Quan els visitants deixen comentaris a la web, recollim les dades que es mostren al formulari de contacte, aix\u00ed com l\u2019adre\u00e7a IP del visitant i la [&hellip;]<\/p>\n","protected":false},"author":1,"featured_media":0,"parent":0,"menu_order":0,"comment_status":"closed","ping_status":"closed","template":"","meta":{"_acf_changed":false,"nf_dc_page":"","content-type":"","inline_featured_image":false,"_FSMCFIC_featured_image_caption":"","_FSMCFIC_featured_image_nocaption":"","_FSMCFIC_featured_image_hide":"","footnotes":""},"class_list":["post-19184","page","type-page","status-publish","hentry"],"acf":[],"jetpack_sharing_enabled":true,"_links":{"self":[{"href":"https:\/\/mesqueunviatge.cat\/es\/wp-json\/wp\/v2\/pages\/19184","targetHints":{"allow":["GET"]}}],"collection":[{"href":"https:\/\/mesqueunviatge.cat\/es\/wp-json\/wp\/v2\/pages"}],"about":[{"href":"https:\/\/mesqueunviatge.cat\/es\/wp-json\/wp\/v2\/types\/page"}],"author":[{"embeddable":true,"href":"https:\/\/mesqueunviatge.cat\/es\/wp-json\/wp\/v2\/users\/1"}],"replies":[{"embeddable":true,"href":"https:\/\/mesqueunviatge.cat\/es\/wp-json\/wp\/v2\/comments?post=19184"}],"version-history":[{"count":1,"href":"https:\/\/mesqueunviatge.cat\/es\/wp-json\/wp\/v2\/pages\/19184\/revisions"}],"predecessor-version":[{"id":19186,"href":"https:\/\/mesqueunviatge.cat\/es\/wp-json\/wp\/v2\/pages\/19184\/revisions\/19186"}],"wp:attachment":[{"href":"https:\/\/mesqueunviatge.cat\/es\/wp-json\/wp\/v2\/media?parent=19184"}],"curies":[{"name":"wp","href":"https:\/\/api.w.org\/{rel}","templated":true}]}}