{"id":19339,"date":"2025-10-14T15:47:52","date_gmt":"2025-10-14T15:47:52","guid":{"rendered":"https:\/\/mesqueunviatge.cat\/explicanos-tu-viaje\/"},"modified":"2025-11-12T17:22:54","modified_gmt":"2025-11-12T17:22:54","slug":"explicanos-tu-viaje","status":"publish","type":"page","link":"https:\/\/mesqueunviatge.cat\/es\/explicanos-tu-viaje\/","title":{"rendered":"Expl\u00edcanos tu viaje"},"content":{"rendered":"\n<h2 class=\"wp-block-heading\">mesqueunviatge.cat, tu agencia de viajes a medida<\/h2>\n\n\n\n<p class=\"\"><strong>Queremos conocer lo que hace especial tu viaje y convertirlo en una propuesta clara, honesta y hecha a medida, sin prisas ni complicaciones.<\/strong><\/p>\n\n\n\n<p class=\"\">Conocemos de primera mano cada destino y colaboramos con corresponsales locales para ofrecerte rutas aut\u00e9nticas y una excelente relaci\u00f3n calidad-precio, sin intermediarios innecesarios. Podremos sugerirte las mejores fechas, vuelos y alojamientos con encanto, as\u00ed como experiencias que marcan la diferencia, tanto si viajas en pareja, en familia o en un viaje completamente personalizado. <\/p>\n\n\n\n<p class=\"\">Cu\u00e9ntanos qu\u00e9 tienes en mente y, en pocos pasos, recibir\u00e1s una propuesta adaptada a ti. Si te encaja, seguimos juntos la aventura; si no, ning\u00fan compromiso. <\/p>\n\n\n\n<div class=\"wp-block-columns is-layout-flex wp-container-core-columns-is-layout-9d6595d7 wp-block-columns-is-layout-flex\">\n<div class=\"wp-block-column is-layout-flow wp-block-column-is-layout-flow\" style=\"flex-basis:25%\"><\/div>\n\n\n\n<div class=\"wp-block-column is-layout-flow wp-block-column-is-layout-flow\" style=\"flex-basis:50%\"><p class=\"wpcf7-contact-form-not-found\"><strong>Error:<\/strong> Formulario de contacto no encontrado.<\/p>\n<\/div>\n\n\n\n<div class=\"wp-block-column is-layout-flow wp-block-column-is-layout-flow\" style=\"flex-basis:25%\"><\/div>\n<\/div>\n\n\n\n<p class=\"\"><\/p>\n","protected":false},"excerpt":{"rendered":"<p>mesqueunviatge.cat, tu agencia de viajes a medida Queremos conocer lo que hace especial tu viaje y convertirlo en una propuesta clara, honesta y hecha a medida, sin prisas ni complicaciones. Conocemos de primera mano cada [&hellip;]<\/p>\n","protected":false},"author":1,"featured_media":0,"parent":0,"menu_order":0,"comment_status":"closed","ping_status":"closed","template":"templates\/template-fullwidth-narrow.php","meta":{"_acf_changed":false,"nf_dc_page":"","content-type":"","inline_featured_image":false,"_FSMCFIC_featured_image_caption":"","_FSMCFIC_featured_image_nocaption":"","_FSMCFIC_featured_image_hide":"","footnotes":""},"class_list":["post-19339","page","type-page","status-publish","hentry"],"acf":[],"jetpack_sharing_enabled":false,"_links":{"self":[{"href":"https:\/\/mesqueunviatge.cat\/es\/wp-json\/wp\/v2\/pages\/19339","targetHints":{"allow":["GET"]}}],"collection":[{"href":"https:\/\/mesqueunviatge.cat\/es\/wp-json\/wp\/v2\/pages"}],"about":[{"href":"https:\/\/mesqueunviatge.cat\/es\/wp-json\/wp\/v2\/types\/page"}],"author":[{"embeddable":true,"href":"https:\/\/mesqueunviatge.cat\/es\/wp-json\/wp\/v2\/users\/1"}],"replies":[{"embeddable":true,"href":"https:\/\/mesqueunviatge.cat\/es\/wp-json\/wp\/v2\/comments?post=19339"}],"version-history":[{"count":5,"href":"https:\/\/mesqueunviatge.cat\/es\/wp-json\/wp\/v2\/pages\/19339\/revisions"}],"predecessor-version":[{"id":20001,"href":"https:\/\/mesqueunviatge.cat\/es\/wp-json\/wp\/v2\/pages\/19339\/revisions\/20001"}],"wp:attachment":[{"href":"https:\/\/mesqueunviatge.cat\/es\/wp-json\/wp\/v2\/media?parent=19339"}],"curies":[{"name":"wp","href":"https:\/\/api.w.org\/{rel}","templated":true}]}}