{"id":19813,"date":"2025-10-30T17:23:48","date_gmt":"2025-10-30T17:23:48","guid":{"rendered":"https:\/\/mesqueunviatge.cat\/viajes-a-asia-central\/"},"modified":"2025-10-30T17:26:54","modified_gmt":"2025-10-30T17:26:54","slug":"viajes-a-asia-central","status":"publish","type":"page","link":"https:\/\/mesqueunviatge.cat\/es\/viajes-a-asia-central\/","title":{"rendered":"Viajes a Asia Central"},"content":{"rendered":"\n<h2 class=\"wp-block-heading\"><strong>Estamos actualizando nuestros viajes a Asia Central<\/strong><\/h2>\n\n\n\n<p class=\"\">Estamos actualizando nuestra secci\u00f3n de Viajes a Asia Central para ofrecerte una experiencia a\u00fan mejor. Mientras tanto, estamos incorporando nuevos viajes, experiencias y consejos pr\u00e1cticos para ayudarte a planificar tu aventura por tierras de Asia Central: Uzbekist\u00e1n, Kazajst\u00e1n, Kirguist\u00e1n, Tayikist\u00e1n o Turkmenist\u00e1n, entre otros. Territorios llenos de historia, paisajes espectaculares y rutas legendarias como la Ruta de la Seda te esperan.  <\/p>\n\n\n\n<p class=\"\">Hasta que tengamos todos los contenidos completamente actualizados, te invitamos a descubrir a continuaci\u00f3n algunas propuestas de viajes y circuitos por Asia Central. Si prefieres explorar otras zonas del mundo, puedes utilizar nuestro buscador para encontrar r\u00e1pidamente lo que necesitas. <\/p>\n\n\n\n<p class=\"\">Y si quieres una propuesta personalizada, rellena el cuestionario que encontrar\u00e1s a la derecha o haz clic en el enlace correspondiente. Sin compromiso alguno, te enviaremos una propuesta a medida seg\u00fan tus intereses, fechas y presupuesto. <\/p>\n\n\n\n<p class=\"\">Muchas gracias por el inter\u00e9s en nuestros viajes a Asia Central. \u00a1Nos vemos por el mundo! \u2708\ufe0f\ud83c\udf0f  <\/p>\n\n\n\n<h2 class=\"wp-block-heading\">Viajes a Asia Central que tenemos actualmente<\/h2>\n\n\n\n<p class=\"\">Recuerda que estos viajes son s\u00f3lo ideas. Podemos prepararte tu ruta a medida adapt\u00e1ndola a tus intereses. <\/p>\n\n\n<div\n\t\t\t\tid=\"block-4cf9d6-0951-45\"\n\t\t\t\tclass=\"wp-block-gutenbee-post-types block-4cf9d6-0951-45 \"\n\t\t\t\t\t\t\t><div class=\"row row-items row-columns-3\">\t\t\t\t<div class=\"viajes-a-asia asia-interior term-918 term-982 col-lg-4 col-sm-6 col-12\">\n<div id=\"entry-item-18381\" class=\"entry-item post-18381 ignition-package type-ignition-package status-publish has-post-thumbnail hentry ignition_package_destination-viajes-a-asia ignition_package_destination-asia-interior ignition_package_category-viajes-a-medida ignition_package_category-luna-de-miel ignition_package_category-viajes-en-familia ignition_package_category-viajes-organizados\">\n\t\t<figure class=\"entry-item-thumb\">\n\t\t<a href=\"https:\/\/mesqueunviatge.cat\/es\/viaje-es\/viaje-a-medida-a-kazajistan\/\">\n\t\t\t<img loading=\"lazy\" decoding=\"async\" loading=\"lazy\" width=\"555\" height=\"790\" src=\"https:\/\/i0.wp.com\/mesqueunviatge.cat\/wp-content\/uploads\/2025\/08\/Turkestan.png?resize=555%2C790&amp;ssl=1\" class=\"attachment-ignition_cousteau_pro_item_package size-ignition_cousteau_pro_item_package wp-post-image\" alt=\"viaje exlusivo a kazajist\u00e1n\" srcset=\"https:\/\/i0.wp.com\/mesqueunviatge.cat\/wp-content\/uploads\/2025\/08\/Turkestan.png?resize=555%2C790&amp;ssl=1 555w, https:\/\/i0.wp.com\/mesqueunviatge.cat\/wp-content\/uploads\/2025\/08\/Turkestan.png?zoom=2&amp;resize=555%2C790&amp;ssl=1 1110w, https:\/\/i0.wp.com\/mesqueunviatge.cat\/wp-content\/uploads\/2025\/08\/Turkestan.png?zoom=3&amp;resize=555%2C790&amp;ssl=1 1665w\" sizes=\"auto, (max-width: 555px) 100vw, 555px\" \/>\t\t<\/a>\n\n\t\t\t\t\t<span class=\"entry-item-badge\">Personalizado<\/span>\n\t\t\t<\/figure>\n\t\n\t<div class=\"entry-item-content\">\n\t\t<div class=\"entry-meta\">\n\t\t\t<span class=\"entry-meta-item entry-duration\">11 d\u00edas<\/span>\t\t\t<span class=\"entry-meta-item entry-price\">Desde 3.414\u20ac<\/span>\t\t<\/div>\n\n\t\t<h2 class=\"entry-item-title\"><a href=\"https:\/\/mesqueunviatge.cat\/es\/viaje-es\/viaje-a-medida-a-kazajistan\/\">Viaje a medida a Kazajist\u00e1n<\/a><\/h2>\n\t\t\t<\/div>\n<\/div>\n<\/div><\/div><\/div>\n\n\n<h2 class=\"wp-block-heading\">Busca lo que necesitas<\/h2>\n\n\n<form role=\"search\" method=\"get\" action=\"https:\/\/mesqueunviatge.cat\/es\/\" class=\"wp-block-search__button-outside wp-block-search__text-button wp-block-search\"    ><label class=\"wp-block-search__label screen-reader-text\" for=\"wp-block-search__input-1\" >busca<\/label><div class=\"wp-block-search__inside-wrapper\" ><input class=\"wp-block-search__input\" id=\"wp-block-search__input-1\" placeholder=\"\" value=\"\" type=\"search\" name=\"s\" required \/><button aria-label=\"Busca\" class=\"wp-block-search__button wp-element-button\" type=\"submit\" >Busca<\/button><\/div><\/form>\n\n\n<h2 class=\"wp-block-heading\">FAQ&#8217;s<\/h2>\n\n\n\n<div class=\"nfd-container nfd-p-lg nfd-gap-2xl nfd-wb-faq__faq-1 is-style-ignition-cousteau-pro-boxed-content wp-block-group\"><div class=\"wp-block-group__inner-container is-layout-constrained wp-block-group-is-layout-constrained\">\n<div class=\"nfd-gap-2xl wp-block-group is-vertical is-layout-flex wp-container-core-group-is-layout-8cf370e7 wp-block-group-is-layout-flex\">\n<div class=\"nfd-gap-xl nfd-gap-y-2xl wp-block-columns is-layout-flex wp-container-core-columns-is-layout-9d6595d7 wp-block-columns-is-layout-flex\">\n<div class=\"wp-block-column is-layout-flow wp-block-column-is-layout-flow\">\n<div class=\"nfd-gap-sm wp-block-group is-vertical is-layout-flex wp-container-core-group-is-layout-8cf370e7 wp-block-group-is-layout-flex\">\n<h3 class=\"wp-block-heading nfd-text-md nfd-text-contrast\" style=\"font-style:normal;font-weight:500\">\u00bfLa p\u00e1gina que buscaba ya no est\u00e1?<\/h3>\n\n\n\n<p class=\"nfd-text-faded nfd-text-base\">A\u00fan no, estamos actualizando todas las viajes y justo lo que buscas todav\u00eda no lo hemos colgado. Pero si nos indicas lo que necesitas, te enviamos la informaci\u00f3n de forma personalizada. <\/p>\n<\/div>\n<\/div>\n\n\n\n<div class=\"wp-block-column is-layout-flow wp-block-column-is-layout-flow\">\n<div class=\"nfd-gap-sm wp-block-group is-vertical is-layout-flex wp-container-core-group-is-layout-8cf370e7 wp-block-group-is-layout-flex\">\n<h3 class=\"wp-block-heading nfd-text-md nfd-text-contrast\" style=\"font-style:normal;font-weight:500\">\u00bfCu\u00e1ndo estar\u00e1n colgados todos los viajes a Asia Central?<\/h3>\n\n\n\n<p class=\"nfd-text-faded nfd-text-base\">Vamos publicando rutas progresivamente. Si tienes prisa, te preparamos una propuesta a medida sin esperar. <\/p>\n<\/div>\n<\/div>\n\n\n\n<div class=\"wp-block-column is-layout-flow wp-block-column-is-layout-flow\">\n<div class=\"nfd-gap-sm wp-block-group is-vertical is-layout-flex wp-container-core-group-is-layout-8cf370e7 wp-block-group-is-layout-flex\">\n<h3 class=\"wp-block-heading nfd-text-md nfd-text-contrast\" style=\"font-style:normal;font-weight:500\">\u00bfPuedo reservar ya?<\/h3>\n\n\n\n<p class=\"nfd-text-faded nfd-text-base\">S\u00ed. Te preparamos opciones y te explicamos el proceso de reserva de forma clara y segura. <\/p>\n<\/div>\n<\/div>\n<\/div>\n\n\n\n<div class=\"nfd-gap-xl nfd-gap-y-2xl wp-block-columns is-layout-flex wp-container-core-columns-is-layout-9d6595d7 wp-block-columns-is-layout-flex\">\n<div class=\"wp-block-column is-layout-flow wp-block-column-is-layout-flow\"><\/div>\n<\/div>\n<\/div>\n\n\n\n<div class=\"nfd-container wp-block-group\"><div class=\"wp-block-group__inner-container is-layout-constrained wp-container-core-group-is-layout-801f6f31 wp-block-group-is-layout-constrained\">\n<div class=\"nfd-p-card-md nfd-gap-xl nfd-shadow-xs nfd-bg-surface nfd-theme-white nfd-rounded is-style-nfd-theme-white wp-block-group is-content-justification-space-between is-layout-flex wp-container-core-group-is-layout-e3bc7287 wp-block-group-is-layout-flex\">\n<div class=\"nfd-gap-md wp-block-group is-layout-flex wp-block-group-is-layout-flex\">\n<figure class=\"is-style-rounded wp-block-image size-full is-resized\"><img data-recalc-dims=\"1\" loading=\"lazy\" decoding=\"async\" width=\"150\" height=\"109\" loading=\"lazy\" src=\"https:\/\/i0.wp.com\/mesqueunviatge.cat\/wp-content\/uploads\/2018\/10\/cropped-logo-transparent-mmqv.png?resize=150%2C109&#038;ssl=1\" alt=\"\" class=\"wp-image-15117\" style=\"aspect-ratio:4\/3;object-fit:cover;width:46px;height:auto\"\/><\/figure>\n\n\n\n<div class=\"nfd-gap-0 wp-block-group is-vertical is-layout-flex wp-container-core-group-is-layout-8cf370e7 wp-block-group-is-layout-flex\">\n<p class=\"nfd-text-md\" style=\"font-style:normal;font-weight:600\">\u00bfPuedo contactar con vosotros?<\/p>\n\n\n\n<p class=\"nfd-text-base nfd-text-faded\">Claro, puedes hacerlo envi\u00e1ndonos un mail a<a href=\"mailto:info@mesqueunviatge.cat\"> info@mesqueunviatge.cat<\/a>, llamar al 93 664 59 17, enviarnos un mensaje al 660 29 25 16 o rellenar el cuestionario que te aparece en el lateral.<\/p>\n<\/div>\n<\/div>\n\n\n\n<div class=\"wp-block-buttons is-layout-flex wp-block-buttons-is-layout-flex\"><\/div>\n<\/div>\n<\/div><\/div>\n<\/div><\/div>\n\n\n\n<p class=\"\"><\/p>\n","protected":false},"excerpt":{"rendered":"<p>Estamos actualizando nuestros viajes a Asia Central Estamos actualizando nuestra secci\u00f3n de Viajes a Asia Central para ofrecerte una experiencia a\u00fan mejor. Mientras tanto, estamos incorporando nuevos viajes, experiencias y consejos pr\u00e1cticos para ayudarte a [&hellip;]<\/p>\n","protected":false},"author":1,"featured_media":0,"parent":0,"menu_order":0,"comment_status":"closed","ping_status":"closed","template":"","meta":{"_acf_changed":false,"nf_dc_page":"","content-type":"","inline_featured_image":false,"_FSMCFIC_featured_image_caption":"","_FSMCFIC_featured_image_nocaption":"","_FSMCFIC_featured_image_hide":"","footnotes":""},"class_list":["post-19813","page","type-page","status-publish","hentry"],"acf":[],"jetpack_sharing_enabled":true,"_links":{"self":[{"href":"https:\/\/mesqueunviatge.cat\/es\/wp-json\/wp\/v2\/pages\/19813","targetHints":{"allow":["GET"]}}],"collection":[{"href":"https:\/\/mesqueunviatge.cat\/es\/wp-json\/wp\/v2\/pages"}],"about":[{"href":"https:\/\/mesqueunviatge.cat\/es\/wp-json\/wp\/v2\/types\/page"}],"author":[{"embeddable":true,"href":"https:\/\/mesqueunviatge.cat\/es\/wp-json\/wp\/v2\/users\/1"}],"replies":[{"embeddable":true,"href":"https:\/\/mesqueunviatge.cat\/es\/wp-json\/wp\/v2\/comments?post=19813"}],"version-history":[{"count":2,"href":"https:\/\/mesqueunviatge.cat\/es\/wp-json\/wp\/v2\/pages\/19813\/revisions"}],"predecessor-version":[{"id":19817,"href":"https:\/\/mesqueunviatge.cat\/es\/wp-json\/wp\/v2\/pages\/19813\/revisions\/19817"}],"wp:attachment":[{"href":"https:\/\/mesqueunviatge.cat\/es\/wp-json\/wp\/v2\/media?parent=19813"}],"curies":[{"name":"wp","href":"https:\/\/api.w.org\/{rel}","templated":true}]}}