{"id":19858,"date":"2025-10-30T18:39:48","date_gmt":"2025-10-30T18:39:48","guid":{"rendered":"https:\/\/mesqueunviatge.cat\/?page_id=19858"},"modified":"2025-10-30T18:39:49","modified_gmt":"2025-10-30T18:39:49","slug":"declaracion-de-accesibilidad","status":"publish","type":"page","link":"https:\/\/mesqueunviatge.cat\/es\/declaracion-de-accesibilidad\/","title":{"rendered":"Declaraci\u00f3n de Accesibilidad"},"content":{"rendered":"\n<p class=\"\"><strong>Situaci\u00f3n de cumplimiento<\/strong><\/p>\n\n\n\n<p class=\"\">mesqueunviatge.cat (en adelante, tambi\u00e9n el Sitio Web) es&nbsp;<strong>parcialmente conforme<\/strong>&nbsp;con el Real Decreto 1112\/2018, de 7 de septiembre, debido a la falta de conformidad de los aspectos que se indican a continuaci\u00f3n.<\/p>\n\n\n\n<p class=\"\"><strong>Contenido no accesible<\/strong><\/p>\n\n\n\n<p class=\"\">El contenido que se detalla a continuaci\u00f3n&nbsp;<strong>no es accesible<\/strong>&nbsp;por los siguientes motivos:<br>a. Falta de conformidad con el RD 1112\/2018: No aplica. Se cumplen el 100% de los criterios de accesibilidad web.<br>b. Carga desproporcionada: No aplica.<br>c. El contenido no entra dentro del \u00e1mbito de la legislaci\u00f3n aplicable:<br>Pueden existir archivos ofim\u00e1ticos (PDF, etc.) publicados antes del 20 de septiembre de 2018 que no cumplan totalmente los requisitos de accesibilidad.<br>Puede haber contenidos de terceros no desarrollados ni controlados por este sitio web (im\u00e1genes, mapas interactivos, v\u00eddeos, documentos, reproductores, etc.).<br>Pueden existir archivos pregrabados anteriores al 20 de septiembre de 2018 que no cumplan todos los requisitos de accesibilidad.<br>El sitio web puede estar creado parcialmente con CMS como WordPress, Shopify o PrestaShop, y las actualizaciones pueden afectar al cumplimiento completo de los requisitos de accesibilidad.<\/p>\n\n\n\n<p class=\"\"><strong>Preparaci\u00f3n de esta declaraci\u00f3n de accesibilidad<\/strong><\/p>\n\n\n\n<p class=\"\">Esta declaraci\u00f3n fue preparada el&nbsp;<strong>16\/05\/2025<\/strong>.<br>El m\u00e9todo utilizado ha sido una&nbsp;<strong>autoevaluaci\u00f3n<\/strong>&nbsp;realizada por la propia empresa.<br><strong>\u00daltima revisi\u00f3n:<\/strong>&nbsp;16\/05\/2025.<\/p>\n\n\n\n<p class=\"\"><strong>Observaciones y datos de contacto<\/strong><\/p>\n\n\n\n<p class=\"\">Puede comunicar incidencias relacionadas con la accesibilidad (art. 10.2.a del RD 1112\/2018), tales como:<\/p>\n\n\n\n<ul class=\"wp-block-list\">\n<li class=\"\">Informar sobre incumplimientos de accesibilidad.<\/li>\n\n\n\n<li class=\"\">Transmitir dificultades de acceso al contenido.<\/li>\n\n\n\n<li class=\"\">Formular sugerencias o consultas relacionadas con la accesibilidad del sitio web.<\/li>\n<\/ul>\n\n\n\n<p class=\"\"><strong>V\u00edas de contacto:<\/strong><br>Correo electr\u00f3nico:&nbsp;<a rel=\"noreferrer noopener\" target=\"_blank\" href=\"mailto:info@mesqueunviatge.cat\">info@mesqueunviatge.cat<\/a><br>Tel\u00e9fono: 93 664 59 17<\/p>\n\n\n\n<p class=\"\">De acuerdo con el art. 10.2.b del RD 1112\/2018, tambi\u00e9n puede presentar:<\/p>\n\n\n\n<ul class=\"wp-block-list\">\n<li class=\"\">Una\u00a0<strong>queja<\/strong>\u00a0sobre el cumplimiento de los requisitos de accesibilidad.<\/li>\n\n\n\n<li class=\"\">Una\u00a0<strong>solicitud de informaci\u00f3n accesible<\/strong>\u00a0relativa a:\n<ul class=\"wp-block-list\">\n<li class=\"\">Contenidos excluidos seg\u00fan el art\u00edculo 3.4 del RD.<\/li>\n\n\n\n<li class=\"\">Contenidos exentos por carga desproporcionada.<\/li>\n<\/ul>\n<\/li>\n<\/ul>\n\n\n\n<p class=\"\">La solicitud deber\u00e1 contener de manera clara los hechos, las razones y la petici\u00f3n, y permitir verificar que se trata de una solicitud razonable y leg\u00edtima.<br>Las comunicaciones ser\u00e1n recibidas y gestionadas por la direcci\u00f3n de la empresa, como unidad responsable del contenido de este sitio web.<\/p>\n\n\n\n<p class=\"\"><strong>Contenido opcional<\/strong><\/p>\n\n\n\n<p class=\"\">La versi\u00f3n visible del sitio web es del&nbsp;<strong>16\/05\/2025<\/strong>&nbsp;y en esa fecha se revis\u00f3 el nivel de accesibilidad vigente.<br>Desde esa fecha, se realizan&nbsp;<strong>revisiones parciales diarias<\/strong>&nbsp;del contenido web nuevo o modificado para garantizar el cumplimiento de la norma&nbsp;<strong>UNE-EN 301549:2022<\/strong>, teniendo en cuenta las excepciones del RD 1112\/2018.<\/p>\n\n\n\n<p class=\"\">Algunas de las medidas adoptadas para facilitar la accesibilidad son:<\/p>\n\n\n\n<ul class=\"wp-block-list\">\n<li class=\"\">Uso de texto alternativo en las im\u00e1genes.<\/li>\n\n\n\n<li class=\"\">Los enlaces describen su funci\u00f3n o destino.<\/li>\n\n\n\n<li class=\"\">Cumplimiento de los est\u00e1ndares del W3C: XHTML 1.0, CSS 3.0, WAI AA.<\/li>\n<\/ul>\n\n\n\n<p class=\"\"><strong>Compatibilidad<\/strong><\/p>\n\n\n\n<p class=\"\">El sitio web:<\/p>\n\n\n\n<ul class=\"wp-block-list\">\n<li class=\"\">Se ha dise\u00f1ado conforme a los est\u00e1ndares de accesibilidad WCAG 2.1 nivel AA.<\/li>\n\n\n\n<li class=\"\">Est\u00e1 optimizado para las versiones m\u00e1s recientes de Chrome, Edge, Firefox, Safari y Opera.<\/li>\n\n\n\n<li class=\"\">Es responsive: adaptado a ordenadores, tabletas y m\u00f3viles.<\/li>\n\n\n\n<li class=\"\">Est\u00e1 construido con HTML5 y CSS 3.<\/li>\n\n\n\n<li class=\"\">Se realizan auditor\u00edas y revisiones continuas para mejorar la interpretaci\u00f3n y la navegaci\u00f3n.<\/li>\n<\/ul>\n","protected":false},"excerpt":{"rendered":"<p>Situaci\u00f3n de cumplimiento mesqueunviatge.cat (en adelante, tambi\u00e9n el Sitio Web) es&nbsp;parcialmente conforme&nbsp;con el Real Decreto 1112\/2018, de 7 de septiembre, debido a la falta de conformidad de los aspectos que se indican a continuaci\u00f3n. Contenido [&hellip;]<\/p>\n","protected":false},"author":1,"featured_media":0,"parent":0,"menu_order":0,"comment_status":"closed","ping_status":"closed","template":"","meta":{"_acf_changed":false,"nf_dc_page":"","content-type":"","inline_featured_image":false,"_FSMCFIC_featured_image_caption":"","_FSMCFIC_featured_image_nocaption":"","_FSMCFIC_featured_image_hide":"","footnotes":""},"class_list":["post-19858","page","type-page","status-publish","hentry"],"acf":[],"jetpack_sharing_enabled":true,"_links":{"self":[{"href":"https:\/\/mesqueunviatge.cat\/es\/wp-json\/wp\/v2\/pages\/19858","targetHints":{"allow":["GET"]}}],"collection":[{"href":"https:\/\/mesqueunviatge.cat\/es\/wp-json\/wp\/v2\/pages"}],"about":[{"href":"https:\/\/mesqueunviatge.cat\/es\/wp-json\/wp\/v2\/types\/page"}],"author":[{"embeddable":true,"href":"https:\/\/mesqueunviatge.cat\/es\/wp-json\/wp\/v2\/users\/1"}],"replies":[{"embeddable":true,"href":"https:\/\/mesqueunviatge.cat\/es\/wp-json\/wp\/v2\/comments?post=19858"}],"version-history":[{"count":1,"href":"https:\/\/mesqueunviatge.cat\/es\/wp-json\/wp\/v2\/pages\/19858\/revisions"}],"predecessor-version":[{"id":19860,"href":"https:\/\/mesqueunviatge.cat\/es\/wp-json\/wp\/v2\/pages\/19858\/revisions\/19860"}],"wp:attachment":[{"href":"https:\/\/mesqueunviatge.cat\/es\/wp-json\/wp\/v2\/media?parent=19858"}],"curies":[{"name":"wp","href":"https:\/\/api.w.org\/{rel}","templated":true}]}}