{"id":19861,"date":"2025-10-30T18:44:50","date_gmt":"2025-10-30T18:44:50","guid":{"rendered":"https:\/\/mesqueunviatge.cat\/?page_id=19861"},"modified":"2025-10-30T18:44:51","modified_gmt":"2025-10-30T18:44:51","slug":"aviso-legal","status":"publish","type":"page","link":"https:\/\/mesqueunviatge.cat\/es\/aviso-legal\/","title":{"rendered":"Aviso Legal"},"content":{"rendered":"\n<p class=\"\"><strong>1. INFORMACI\u00d3N GENERAL<\/strong><\/p>\n\n\n\n<p class=\"\">En cumplimiento con el deber de informaci\u00f3n dispuesto en la Ley 34\/2002, de 11 de julio, de Servicios de la Sociedad de la Informaci\u00f3n y Comercio Electr\u00f3nico (LSSI-CE), se facilitan a continuaci\u00f3n los datos de informaci\u00f3n general de este sitio web:<\/p>\n\n\n\n<p class=\"\">La titularidad de este sitio web,&nbsp;<a rel=\"noreferrer noopener\" target=\"_blank\" href=\"https:\/\/mesqueunviatge.cat\/\">https:\/\/mesqueunviatge.cat\/<\/a>&nbsp;(en adelante, el Sitio Web), la ostenta:&nbsp;<strong>Oscar Datsira Amoros<\/strong>, con NIF: 36984575T, y los datos de contacto son:<br>Direcci\u00f3n: C\/ Arcadi Balaguer 89 bis 3\u00ba 2\u00aa Castelldefels, Barcelona, 08860<br>Tel\u00e9fono de contacto: 636416564<br>Correo electr\u00f3nico de contacto:&nbsp;<a rel=\"noreferrer noopener\" target=\"_blank\" href=\"mailto:admin@mesqueunviatge.cat\">admin@mesqueunviatge.cat<\/a><\/p>\n\n\n\n<hr class=\"wp-block-separator has-alpha-channel-opacity\"\/>\n\n\n\n<p class=\"\"><strong>II. T\u00c9RMINOS Y CONDICIONES GENERALES DE USO<\/strong><\/p>\n\n\n\n<p class=\"\"><strong>Objeto de las Condiciones: el Sitio Web<\/strong><\/p>\n\n\n\n<p class=\"\">El objeto de las presentes Condiciones Generales de Uso (en adelante, las Condiciones) es regular el acceso y la utilizaci\u00f3n del Sitio Web. A los efectos de estas Condiciones, se entender\u00e1 por Sitio Web: la apariencia externa de las interfaces de pantalla, tanto de forma est\u00e1tica como din\u00e1mica, es decir, el \u00e1rbol de navegaci\u00f3n; y todos los elementos integrados en dichas interfaces y en el propio \u00e1rbol de navegaci\u00f3n (en adelante, los Contenidos), as\u00ed como todos los servicios o recursos en l\u00ednea que, en su caso, se ofrezcan a los Usuarios (en adelante, los Servicios).<\/p>\n\n\n\n<p class=\"\">mesqueunviatge se reserva el derecho de modificar, en cualquier momento y sin previo aviso, la presentaci\u00f3n y configuraci\u00f3n del Sitio Web, as\u00ed como los Contenidos y Servicios que pueda incluir. El Usuario reconoce y acepta que, en cualquier momento, mesqueunviatge pueda interrumpir, desactivar o cancelar cualquiera de los elementos que componen el Sitio Web o su acceso.<\/p>\n\n\n\n<p class=\"\">El acceso al Sitio Web por parte del Usuario tiene car\u00e1cter libre y, como norma general, es gratuito, sin que el Usuario deba proporcionar contraprestaci\u00f3n alguna para disfrutarlo, salvo el coste de conexi\u00f3n a trav\u00e9s de la red de telecomunicaciones suministrada por el proveedor de acceso contratado por el Usuario.<\/p>\n\n\n\n<p class=\"\">La utilizaci\u00f3n de algunos Contenidos o Servicios del Sitio Web podr\u00e1 realizarse mediante suscripci\u00f3n o registro previo del Usuario.<\/p>\n\n\n\n<hr class=\"wp-block-separator has-alpha-channel-opacity\"\/>\n\n\n\n<p class=\"\"><strong>El Usuario<\/strong><\/p>\n\n\n\n<p class=\"\">El acceso, navegaci\u00f3n y uso del Sitio Web, as\u00ed como la participaci\u00f3n en los espacios habilitados para interactuar entre los Usuarios o con mesqueunviatge (comentarios, blogs, etc.), confieren la condici\u00f3n de Usuario, por lo que se aceptan, desde el inicio de la navegaci\u00f3n, todas las Condiciones aqu\u00ed establecidas, as\u00ed como sus posibles modificaciones, sin perjuicio de la aplicaci\u00f3n de la normativa legal de obligado cumplimiento seg\u00fan el caso. Por ello, se recomienda al Usuario leerlas en cada visita al Sitio Web.<\/p>\n\n\n\n<p class=\"\">El Sitio Web de mesqueunviatge ofrece una gran diversidad de informaci\u00f3n, servicios y datos. El Usuario asume la responsabilidad de hacer un uso adecuado del Sitio Web. Esta responsabilidad se extiende a:<\/p>\n\n\n\n<ul class=\"wp-block-list\">\n<li class=\"\">Utilizar la informaci\u00f3n, Contenidos y\/o Servicios ofrecidos por mesqueunviatge sin que ello sea contrario a estas Condiciones, la Ley, la moral o el orden p\u00fablico, ni que pueda suponer da\u00f1os a los derechos de terceros o al propio funcionamiento del Sitio Web.<\/li>\n\n\n\n<li class=\"\">La veracidad y licitud de la informaci\u00f3n proporcionada por el Usuario en los formularios establecidos por mesqueunviatge para acceder a ciertos Contenidos o Servicios del Sitio Web. El Usuario se compromete a notificar de inmediato a mesqueunviatge cualquier uso indebido de su informaci\u00f3n en dichos formularios.<\/li>\n<\/ul>\n\n\n\n<p class=\"\">mesqueunviatge se reserva el derecho de retirar los comentarios o aportaciones que vulneren la ley, el respeto a la dignidad de la persona, que sean discriminatorios, xen\u00f3fobos, racistas, pornogr\u00e1ficos, spam, que atenten contra la juventud o la infancia, el orden o la seguridad p\u00fablica, o que, a su juicio, no resulten adecuados para su publicaci\u00f3n.<\/p>\n\n\n\n<p class=\"\">En cualquier caso, mesqueunviatge no ser\u00e1 responsable de las opiniones vertidas por los Usuarios a trav\u00e9s de los comentarios, herramientas de blogging u otras formas de participaci\u00f3n disponibles.<\/p>\n\n\n\n<p class=\"\">El acceso al Sitio Web no implica establecer ning\u00fan tipo de relaci\u00f3n comercial entre mesqueunviatge y el Usuario.<\/p>\n\n\n\n<p class=\"\">El Usuario declara ser mayor de edad y disponer de la capacidad jur\u00eddica suficiente para vincularse a estas Condiciones. En consecuencia, este Sitio Web no se dirige a menores de edad. mesqueunviatge declina cualquier responsabilidad por su incumplimiento.<\/p>\n\n\n\n<p class=\"\">El Sitio Web est\u00e1 dirigido principalmente a Usuarios residentes en Espa\u00f1a. mesqueunviatge no garantiza que el Sitio Web cumpla con las legislaciones de otros pa\u00edses. Si el Usuario reside o se encuentra domiciliado en otro lugar y decide acceder al Sitio Web, lo har\u00e1 bajo su propia responsabilidad.<\/p>\n\n\n\n<hr class=\"wp-block-separator has-alpha-channel-opacity\"\/>\n\n\n\n<p class=\"\"><strong>III. ACCESO Y NAVEGACI\u00d3N EN EL SITIO WEB: EXCLUSI\u00d3N DE GARANT\u00cdAS Y RESPONSABILIDAD<\/strong><\/p>\n\n\n\n<p class=\"\">mesqueunviatge no garantiza la continuidad, disponibilidad ni utilidad del Sitio Web, ni de sus Contenidos o Servicios. No obstante, procurar\u00e1 su correcto funcionamiento, sin asumir responsabilidad ni garantizar que el acceso sea ininterrumpido o libre de errores.<\/p>\n\n\n\n<p class=\"\">Tampoco se responsabiliza de posibles errores o da\u00f1os en el sistema inform\u00e1tico del Usuario ocasionados por el uso del Sitio Web. En ning\u00fan caso mesqueunviatge ser\u00e1 responsable de p\u00e9rdidas o da\u00f1os derivados del acceso o uso del Sitio Web.<\/p>\n\n\n\n<p class=\"\">Asimismo, mesqueunviatge no se hace responsable de los da\u00f1os que puedan ser causados por un uso indebido del Sitio Web o por interrupciones en las telecomunicaciones.<\/p>\n\n\n\n<hr class=\"wp-block-separator has-alpha-channel-opacity\"\/>\n\n\n\n<p class=\"\"><strong>IV. POL\u00cdTICA DE ENLACES<\/strong><\/p>\n\n\n\n<p class=\"\">El Sitio Web puede poner a disposici\u00f3n del Usuario enlaces a otros sitios gestionados por terceros. La instalaci\u00f3n de estos enlaces tiene como \u00fanico objetivo facilitar el acceso a contenidos disponibles en Internet.<\/p>\n\n\n\n<p class=\"\">mesqueunviatge no ofrece ni comercializa por s\u00ed misma ni a trav\u00e9s de terceros los productos o servicios disponibles en dichos sitios enlazados.<\/p>\n\n\n\n<p class=\"\">Tampoco garantiza la disponibilidad t\u00e9cnica, exactitud, veracidad o legalidad de esos sitios externos.<\/p>\n\n\n\n<p class=\"\">El establecimiento de un enlace no implica, en ning\u00fan caso, la existencia de relaci\u00f3n entre mesqueunviatge y el propietario del sitio enlazado.<\/p>\n\n\n\n<hr class=\"wp-block-separator has-alpha-channel-opacity\"\/>\n\n\n\n<p class=\"\"><strong>V. PROPIEDAD INTELECTUAL E INDUSTRIAL<\/strong><\/p>\n\n\n\n<p class=\"\">mesqueunviatge es titular de todos los derechos de propiedad intelectual e industrial del Sitio Web y de sus contenidos (im\u00e1genes, v\u00eddeos, textos, marcas, etc.).<\/p>\n\n\n\n<p class=\"\">Se proh\u00edbe expresamente la reproducci\u00f3n, distribuci\u00f3n o comunicaci\u00f3n p\u00fablica, total o parcial, de los contenidos de este sitio sin autorizaci\u00f3n previa y por escrito.<\/p>\n\n\n\n<p class=\"\">El Usuario se compromete a respetar dichos derechos y solo podr\u00e1 visualizar los contenidos para uso personal.<\/p>\n\n\n\n<hr class=\"wp-block-separator has-alpha-channel-opacity\"\/>\n\n\n\n<p class=\"\"><strong>VI. ACCIONES LEGALES, LEGISLACI\u00d3N APLICABLE Y JURISDICCI\u00d3N<\/strong><\/p>\n\n\n\n<p class=\"\">mesqueunviatge se reserva el derecho de emprender las acciones legales que considere oportunas por el uso indebido del Sitio Web o el incumplimiento de estas Condiciones.<\/p>\n","protected":false},"excerpt":{"rendered":"<p>1. INFORMACI\u00d3N GENERAL En cumplimiento con el deber de informaci\u00f3n dispuesto en la Ley 34\/2002, de 11 de julio, de Servicios de la Sociedad de la Informaci\u00f3n y Comercio Electr\u00f3nico (LSSI-CE), se facilitan a continuaci\u00f3n [&hellip;]<\/p>\n","protected":false},"author":1,"featured_media":0,"parent":0,"menu_order":0,"comment_status":"closed","ping_status":"closed","template":"","meta":{"_acf_changed":false,"nf_dc_page":"","content-type":"","inline_featured_image":false,"_FSMCFIC_featured_image_caption":"","_FSMCFIC_featured_image_nocaption":"","_FSMCFIC_featured_image_hide":"","footnotes":""},"class_list":["post-19861","page","type-page","status-publish","hentry"],"acf":[],"jetpack_sharing_enabled":true,"_links":{"self":[{"href":"https:\/\/mesqueunviatge.cat\/es\/wp-json\/wp\/v2\/pages\/19861","targetHints":{"allow":["GET"]}}],"collection":[{"href":"https:\/\/mesqueunviatge.cat\/es\/wp-json\/wp\/v2\/pages"}],"about":[{"href":"https:\/\/mesqueunviatge.cat\/es\/wp-json\/wp\/v2\/types\/page"}],"author":[{"embeddable":true,"href":"https:\/\/mesqueunviatge.cat\/es\/wp-json\/wp\/v2\/users\/1"}],"replies":[{"embeddable":true,"href":"https:\/\/mesqueunviatge.cat\/es\/wp-json\/wp\/v2\/comments?post=19861"}],"version-history":[{"count":1,"href":"https:\/\/mesqueunviatge.cat\/es\/wp-json\/wp\/v2\/pages\/19861\/revisions"}],"predecessor-version":[{"id":19863,"href":"https:\/\/mesqueunviatge.cat\/es\/wp-json\/wp\/v2\/pages\/19861\/revisions\/19863"}],"wp:attachment":[{"href":"https:\/\/mesqueunviatge.cat\/es\/wp-json\/wp\/v2\/media?parent=19861"}],"curies":[{"name":"wp","href":"https:\/\/api.w.org\/{rel}","templated":true}]}}