{"id":19866,"date":"2025-10-30T18:56:46","date_gmt":"2025-10-30T18:56:46","guid":{"rendered":"https:\/\/mesqueunviatge.cat\/?page_id=19866"},"modified":"2025-10-30T18:56:47","modified_gmt":"2025-10-30T18:56:47","slug":"politica-de-cookies","status":"publish","type":"page","link":"https:\/\/mesqueunviatge.cat\/es\/politica-de-cookies\/","title":{"rendered":"Pol\u00edtica de Cookies"},"content":{"rendered":"\n<p class=\"\"><br>El acceso a este Sitio Web puede implicar el uso de cookies. Las cookies son peque\u00f1as cantidades de informaci\u00f3n que se almacenan en el navegador utilizado por cada Usuario \u2014en los distintos dispositivos que pueda utilizar para la navegaci\u00f3n\u2014 para que el servidor recuerde cierta informaci\u00f3n que posteriormente, y \u00fanicamente, el servidor que la implement\u00f3 leer\u00e1. Las cookies facilitan la navegaci\u00f3n, la hacen m\u00e1s amigable y no da\u00f1an el dispositivo de navegaci\u00f3n.<\/p>\n\n\n\n<p class=\"\">Las cookies son procedimientos autom\u00e1ticos de recogida de informaci\u00f3n relativa a las preferencias determinadas por el Usuario durante su visita al Sitio Web con la finalidad de reconocerlo como Usuario y personalizar su experiencia y el uso del Sitio Web. Tambi\u00e9n pueden, por ejemplo, ayudar a identificar y resolver errores.<\/p>\n\n\n\n<p class=\"\">La informaci\u00f3n recogida a trav\u00e9s de las cookies puede incluir la fecha y la hora de las visitas al Sitio Web, las p\u00e1ginas visualizadas, el tiempo de permanencia en el Sitio Web y los sitios visitados justo antes y despu\u00e9s del mismo. No obstante, ninguna cookie permite contactar con el n\u00famero de tel\u00e9fono del Usuario ni con ning\u00fan otro medio de contacto personal. Tampoco pueden extraer informaci\u00f3n del disco duro del Usuario ni robar informaci\u00f3n personal. La \u00fanica manera de que la informaci\u00f3n privada del Usuario forme parte del archivo de la cookie es que el propio Usuario proporcione personalmente esa informaci\u00f3n al servidor.<\/p>\n\n\n\n<p class=\"\">Las cookies que permiten identificar a una persona se consideran datos de car\u00e1cter personal. Por tanto, les ser\u00e1 aplicable la Pol\u00edtica de Privacidad anteriormente descrita. En este sentido, ser\u00e1 necesario el consentimiento del Usuario para su utilizaci\u00f3n. Este consentimiento deber\u00e1 comunicarse, en base a una elecci\u00f3n aut\u00e9ntica, mediante una decisi\u00f3n afirmativa y positiva antes del tratamiento inicial, y deber\u00e1 ser revocable y documentado.<\/p>\n\n\n\n<p class=\"\"><strong>Cookies propias<\/strong><br>Son aquellas cookies que se env\u00edan al ordenador o dispositivo del Usuario y son gestionadas exclusivamente por mesqueunviatge para el mejor funcionamiento del Sitio Web. La informaci\u00f3n que se recoge se utiliza para mejorar la calidad del Sitio Web, su contenido y su experiencia como Usuario. Estas cookies permiten reconocer al Usuario como visitante recurrente del Sitio Web y adaptar el contenido para ofrecerle contenidos que se ajusten a sus preferencias.<\/p>\n\n\n\n<p class=\"\"><strong>Cookies de terceros<\/strong><br>Son cookies utilizadas y gestionadas por entidades externas que proporcionan a mesqueunviatge servicios solicitados por este mismo para mejorar el Sitio Web y la experiencia de navegaci\u00f3n del Usuario. Los principales objetivos para los que se utilizan cookies de terceros son la obtenci\u00f3n de estad\u00edsticas de acceso y el an\u00e1lisis de la informaci\u00f3n de navegaci\u00f3n, es decir, c\u00f3mo interact\u00faa el Usuario con el Sitio Web.<\/p>\n\n\n\n<p class=\"\">La informaci\u00f3n que se obtiene hace referencia, por ejemplo, al n\u00famero de p\u00e1ginas visitadas, el idioma, el lugar desde el que el Usuario accede, la direcci\u00f3n IP, el n\u00famero de Usuarios que acceden, la frecuencia y reincidencia de las visitas, el tiempo de visita, el navegador utilizado, el operador o tipo de dispositivo desde el que se realiza la visita. Esta informaci\u00f3n se utiliza para mejorar el Sitio Web y detectar nuevas necesidades para ofrecer a los Usuarios un contenido y\/o servicio de la mejor calidad posible. En todo caso, la informaci\u00f3n se recopila de forma an\u00f3nima y se elaboran informes de tendencias del Sitio Web sin identificar a usuarios individuales.<\/p>\n\n\n\n<p class=\"\">Puedes obtener m\u00e1s informaci\u00f3n sobre las cookies, as\u00ed como consultar la descripci\u00f3n del tipo de cookies que se utilizan, sus principales caracter\u00edsticas, el periodo de expiraci\u00f3n, etc., en el\/los siguiente\/s enlace\/s:<br>Las entidades encargadas del suministro de cookies pueden ceder esta informaci\u00f3n a terceros, siempre que lo exija la ley o que un tercero procese esta informaci\u00f3n para dichas entidades.<\/p>\n\n\n\n<p class=\"\"><strong>Cookies de redes sociales<\/strong><br>mesqueunviatge incorpora conectores de redes sociales que permiten acceder a las mismas desde el Sitio Web. Por esta raz\u00f3n, las cookies de redes sociales pueden almacenarse en el navegador del Usuario. Los titulares de estas redes sociales disponen de sus propias pol\u00edticas de protecci\u00f3n de datos y cookies, siendo ellos mismos responsables de sus propios ficheros y de sus propias pr\u00e1cticas de privacidad. El Usuario debe consultar las pol\u00edticas correspondientes para informarse sobre estas cookies y, en su caso, sobre el tratamiento de sus datos personales. A continuaci\u00f3n, se indican, a t\u00edtulo informativo, los enlaces donde pueden consultarse estas pol\u00edticas de privacidad y\/o cookies:<br>Facebook:\u00a0<a href=\"https:\/\/www.facebook.com\/policies\/cookies\/\" target=\"_blank\" rel=\"noreferrer noopener\">https:\/\/www.facebook.com\/policies\/cookies\/<\/a><br>Twitter:\u00a0<a href=\"https:\/\/twitter.com\/es\/privacy\" target=\"_blank\" rel=\"noreferrer noopener\">https:\/\/twitter.com\/es\/privacy<\/a><br>Instagram:\u00a0<a href=\"https:\/\/help.instagram.com\/1896641480634370?ref=ig\" target=\"_blank\" rel=\"noreferrer noopener\">https:\/\/help.instagram.com\/1896641480634370?ref=ig<\/a><br>YouTube:\u00a0<a href=\"https:\/\/policies.google.com\/privacy?hl=es-419&amp;gl=mx\" target=\"_blank\" rel=\"noreferrer noopener\">https:\/\/policies.google.com\/privacy?hl=es-419&amp;gl=mx<\/a><br>Pinterest:\u00a0<a href=\"https:\/\/policy.pinterest.com\/es\/privacy-policy\" target=\"_blank\" rel=\"noreferrer noopener\">https:\/\/policy.pinterest.com\/es\/privacy-policy<\/a><br>LinkedIn:\u00a0<a href=\"https:\/\/www.linkedin.com\/legal\/cookie-policy?trk=hp-cookies\" target=\"_blank\" rel=\"noreferrer noopener\">https:\/\/www.linkedin.com\/legal\/cookie-policy?trk=hp-cookies<\/a><\/p>\n\n\n\n<p class=\"\"><strong>Desactivar, rechazar y eliminar cookies<\/strong><br>El Usuario puede desactivar, rechazar y eliminar las cookies \u2014total o parcialmente\u2014 instaladas en su dispositivo mediante la configuraci\u00f3n de su navegador (por ejemplo, Chrome, Firefox, Safari, Explorer). En este sentido, los procedimientos para rechazar y eliminar las cookies pueden variar en funci\u00f3n del navegador utilizado. En consecuencia, el Usuario deber\u00e1 consultar las instrucciones facilitadas por el propio navegador de Internet que est\u00e9 utilizando. En el caso de que rechace el uso de cookies \u2014total o parcialmente\u2014 podr\u00e1 seguir utilizando el Sitio Web, si bien pueden verse afectadas determinadas funcionalidades.<\/p>\n","protected":false},"excerpt":{"rendered":"<p>El acceso a este Sitio Web puede implicar el uso de cookies. Las cookies son peque\u00f1as cantidades de informaci\u00f3n que se almacenan en el navegador utilizado por cada Usuario \u2014en los distintos dispositivos que pueda [&hellip;]<\/p>\n","protected":false},"author":1,"featured_media":0,"parent":0,"menu_order":0,"comment_status":"closed","ping_status":"closed","template":"","meta":{"_acf_changed":false,"nf_dc_page":"","content-type":"","inline_featured_image":false,"_FSMCFIC_featured_image_caption":"","_FSMCFIC_featured_image_nocaption":"","_FSMCFIC_featured_image_hide":"","footnotes":""},"class_list":["post-19866","page","type-page","status-publish","hentry"],"acf":[],"jetpack_sharing_enabled":true,"_links":{"self":[{"href":"https:\/\/mesqueunviatge.cat\/es\/wp-json\/wp\/v2\/pages\/19866","targetHints":{"allow":["GET"]}}],"collection":[{"href":"https:\/\/mesqueunviatge.cat\/es\/wp-json\/wp\/v2\/pages"}],"about":[{"href":"https:\/\/mesqueunviatge.cat\/es\/wp-json\/wp\/v2\/types\/page"}],"author":[{"embeddable":true,"href":"https:\/\/mesqueunviatge.cat\/es\/wp-json\/wp\/v2\/users\/1"}],"replies":[{"embeddable":true,"href":"https:\/\/mesqueunviatge.cat\/es\/wp-json\/wp\/v2\/comments?post=19866"}],"version-history":[{"count":1,"href":"https:\/\/mesqueunviatge.cat\/es\/wp-json\/wp\/v2\/pages\/19866\/revisions"}],"predecessor-version":[{"id":19868,"href":"https:\/\/mesqueunviatge.cat\/es\/wp-json\/wp\/v2\/pages\/19866\/revisions\/19868"}],"wp:attachment":[{"href":"https:\/\/mesqueunviatge.cat\/es\/wp-json\/wp\/v2\/media?parent=19866"}],"curies":[{"name":"wp","href":"https:\/\/api.w.org\/{rel}","templated":true}]}}