{"id":22766,"date":"2026-03-11T17:36:44","date_gmt":"2026-03-11T17:36:44","guid":{"rendered":"https:\/\/mesqueunviatge.cat\/22766-2\/"},"modified":"2026-03-11T17:48:20","modified_gmt":"2026-03-11T17:48:20","slug":"404-2","status":"publish","type":"page","link":"https:\/\/mesqueunviatge.cat\/es\/404-2\/","title":{"rendered":""},"content":{"rendered":"\n<p class=\"has-text-align-center has-large-font-size\"><strong>\u00a1Ups! Esta p\u00e1gina se ha ido a dar la vuelta al mundo <\/strong><\/p>\n\n\n\n<p class=\"has-text-align-center has-medium-font-size\">Puede que la ruta haya cambiado o el enlace no sea correcto.<\/p>\n\n\n<div class=\"wp-block-image\">\n<figure class=\"aligncenter size-large is-resized\"><img data-recalc-dims=\"1\" loading=\"lazy\" decoding=\"async\" width=\"870\" height=\"489\" loading=\"lazy\" src=\"https:\/\/i0.wp.com\/mesqueunviatge.cat\/wp-content\/uploads\/2024\/07\/vacances.gif?resize=870%2C489&#038;ssl=1\" alt=\"\" class=\"wp-image-12177\" style=\"width:434px;height:auto\" srcset=\"https:\/\/i0.wp.com\/mesqueunviatge.cat\/wp-content\/uploads\/2024\/07\/vacances.gif?resize=1024%2C576&amp;ssl=1 1024w, https:\/\/i0.wp.com\/mesqueunviatge.cat\/wp-content\/uploads\/2024\/07\/vacances.gif?resize=300%2C169&amp;ssl=1 300w, https:\/\/i0.wp.com\/mesqueunviatge.cat\/wp-content\/uploads\/2024\/07\/vacances.gif?resize=768%2C432&amp;ssl=1 768w, https:\/\/i0.wp.com\/mesqueunviatge.cat\/wp-content\/uploads\/2024\/07\/vacances.gif?resize=1536%2C864&amp;ssl=1 1536w, https:\/\/i0.wp.com\/mesqueunviatge.cat\/wp-content\/uploads\/2024\/07\/vacances.gif?w=1740&amp;ssl=1 1740w\" sizes=\"auto, (max-width: 870px) 100vw, 870px\" \/><\/figure>\n<\/div>\n\n\n<p id=\"block-7c1cc1-50f3-48\" class=\"wp-block-gutenbee-paragraph block-7c1cc1-50f3-48\"><strong>Si quieres puedes volver a intentarlo utilizando nuestro buscador.<\/strong><\/p><style>.wp-block-gutenbee-paragraph.block-7c1cc1-50f3-48 { font-size: 20px; text-align: center; }<\/style>\n\n\n<form role=\"search\" method=\"get\" action=\"https:\/\/mesqueunviatge.cat\/es\/\" class=\"wp-block-search__button-outside wp-block-search__text-button aligncenter wp-block-search\"    ><label class=\"wp-block-search__label screen-reader-text\" for=\"wp-block-search__input-1\" >busca<\/label><div class=\"wp-block-search__inside-wrapper\" ><input class=\"wp-block-search__input\" id=\"wp-block-search__input-1\" placeholder=\"\" value=\"\" type=\"search\" name=\"s\" required \/><button aria-label=\"Busca\" class=\"wp-block-search__button wp-element-button\" type=\"submit\" >Busca<\/button><\/div><\/form>\n\n\n<p class=\"\">O puedes ponerte en contacto con nosotros llam\u00e1ndonos al 93 664 59 17, envi\u00e1ndonos un WhatsApp al 660 29 25 16, haci\u00e9ndonos llegar un correo a <a href=\"mailto:info@mesqueunviatge.cat\">info@mesqueunviatge.cat<\/a> o, simplemente, contestando el cuestionario que tienes a la derecha. <\/p>\n\n\n\n<p class=\"\">\u00a1Estaremos encantados de ayudarte! <\/p>\n\n\n\n<p class=\"\"><\/p>\n","protected":false},"excerpt":{"rendered":"<p>\u00a1Ups! Esta p\u00e1gina se ha ido a dar la vuelta al mundo Puede que la ruta haya cambiado o el enlace no sea correcto. Si quieres puedes volver a intentarlo utilizando nuestro buscador. O puedes [&hellip;]<\/p>\n","protected":false},"author":1,"featured_media":0,"parent":0,"menu_order":0,"comment_status":"closed","ping_status":"closed","template":"","meta":{"_acf_changed":false,"nf_dc_page":"","content-type":"","inline_featured_image":false,"_FSMCFIC_featured_image_caption":"","_FSMCFIC_featured_image_nocaption":"","_FSMCFIC_featured_image_hide":"","footnotes":""},"class_list":["post-22766","page","type-page","status-publish","hentry"],"acf":[],"jetpack_sharing_enabled":true,"_links":{"self":[{"href":"https:\/\/mesqueunviatge.cat\/es\/wp-json\/wp\/v2\/pages\/22766","targetHints":{"allow":["GET"]}}],"collection":[{"href":"https:\/\/mesqueunviatge.cat\/es\/wp-json\/wp\/v2\/pages"}],"about":[{"href":"https:\/\/mesqueunviatge.cat\/es\/wp-json\/wp\/v2\/types\/page"}],"author":[{"embeddable":true,"href":"https:\/\/mesqueunviatge.cat\/es\/wp-json\/wp\/v2\/users\/1"}],"replies":[{"embeddable":true,"href":"https:\/\/mesqueunviatge.cat\/es\/wp-json\/wp\/v2\/comments?post=22766"}],"version-history":[{"count":2,"href":"https:\/\/mesqueunviatge.cat\/es\/wp-json\/wp\/v2\/pages\/22766\/revisions"}],"predecessor-version":[{"id":22770,"href":"https:\/\/mesqueunviatge.cat\/es\/wp-json\/wp\/v2\/pages\/22766\/revisions\/22770"}],"wp:attachment":[{"href":"https:\/\/mesqueunviatge.cat\/es\/wp-json\/wp\/v2\/media?parent=22766"}],"curies":[{"name":"wp","href":"https:\/\/api.w.org\/{rel}","templated":true}]}}